{"id":8754,"date":"2016-03-14T14:33:38","date_gmt":"2016-03-14T14:33:38","guid":{"rendered":"http:\/\/brooklyn.fatmoon.kinsta.com\/?page_id=2"},"modified":"2026-01-08T09:40:00","modified_gmt":"2026-01-08T08:40:00","slug":"home","status":"publish","type":"page","link":"http:\/\/www.naturheilkunde-krefeld.de\/","title":{"rendered":"Home"},"content":{"rendered":"<h1>NaturheilkundePraxis<br \/>\nAngela Langjahr<\/h1>\n<p>\t\t\t\t\t\t\t\t\t\t\t\t\t\t<a href=\"#about\"><br \/>\n\t\t\t\t\t\t\t<img decoding=\"async\" width=\"297\" height=\"35\" src=\"http:\/\/www.naturheilkunde-krefeld.de\/wp-content\/uploads\/2019\/02\/lander-downBTN.png\" alt=\"\" \/>\t\t\t\t\t\t\t\t<\/a><\/p>\n<h2>Willkommen auf der Webseite<br \/>\nDER NATURHEILPRAXIS<br \/>\nAngela Langjahr<\/h2>\n<p align=\"justify\">Auf den folgenden Seiten werden Sie\u00a0 einige Informationen zu mir, meinem bisherigen Werdegang und den naturheilkundlichen Therapien finden, die ich in meiner Praxis anbiete. Meine Praxis f\u00fchre ich nun seid \u00fcber 30 Jahren, in denen ich viele Patienten ein St\u00fcck auf Ihrem Lebensweg begleiten durfte.<\/p>\n<p>Das Ziel meiner Behandlungsmethoden besteht zum gro\u00dfen Teil darin, die Selbstheilungskr\u00e4fte des K\u00f6rpers anzuregen, die Lebenskraft zu st\u00e4rken und die Lebensfreude zu intensivieren.<\/p>\n<p>Dies war auch die Intention f\u00fcr HOG(Hom\u00f6opathen ohne Grenzen), nach dem verheerenden Tsunami 2005. Ausgebildete Hom\u00f6opathen flogen zu einem Hilfseinsatz in eins der \u00e4rmsten Gebiete Sri Lankas , um dort den traumatisierten Menschen eine kostenlose hom\u00f6opathische Behandlung zukommen zu lassen. Mein Einsatz dort im November 2006 hat mich stark gepr\u00e4gt und dankbar die heilende Kraft der Hom\u00f6opathie auch bei st\u00e4rksten Traumatisierungen erleben lassen.<\/p>\n<p>Mein Lebensweg f\u00fchrte mich au\u00dferdem zu einer Ausbildung in meditativem Tanz und Kontemplation bei Beatrice Grimm, einer Sch\u00fclerin von Willigis J\u00e4ger, inW\u00fcrzburg . Seid einigen Jahren f\u00fchre ich auch selbst Seminare in meditativem Tanz und Meditation durch.<\/p>\n<p>Wenn Sie weitergehende Fragen haben, k\u00f6nnen Sie mich gerne unter der angegebenen Telefonnummer anrufen oder mir eine e-mail schicken. Dazu geben Sie bitte Ihre Telefonnummer und die Zeit, zu der ich Sie erreichen kann, durch, da die angegebenen Therapien es meist erforderlich machen, da\u00df der Anrufbeantworter der erste \u201eAnsprechpartner\u201c ist.<\/p>\n<h2>Das Ziel meiner Behandlungsmethoden besteht darin, die Selbstheilungskr\u00e4fte des K\u00f6rpers anzuregen, die Lebenskraft zu st\u00e4rken und die Lebensfreude zu intensivieren.<\/h2>\n<h2>Angela Langjahr<\/h2>\n<p>\t\t\t\t\t\t\t\t\t\t\t\t\t<img decoding=\"async\" src=\"http:\/\/www.naturheilkunde-krefeld.de\/wp-content\/uploads\/elementor\/thumbs\/angela-l6hjwd7lz8nx4ih88so4j0mh1gm8mz6qxqkks01w7s.jpg\" title=\"angela\" alt=\"angela\" loading=\"lazy\" \/>\t\t\t\t\t\t\t\t\t\t\t\t\t<\/p>\n<h2>THERAPIEN<\/h2>\n<p align=\"justify\">Um die angegebenen Therapieformen durchf\u00fchren zu k\u00f6nnen, ist es erforderlich, dass ich erst ein Anamnesegespr\u00e4ch mit Ihnen f\u00fchre, f\u00fcr das ich mir 1-2 Stunden Zeit nehme. W\u00e4hrend des Gespr\u00e4ches kristallisiert sich meist schon heraus, welche Therapieform in Ihrem Fall die am Besten geeignete ist.<\/p>\n<p>Wenn die Anamnese auf ein geeignetes hom\u00f6opathisches Mittel hindeutet, wird dieses gleich von mir verordnet, manchmal kann die Verordnung auch erst sp\u00e4ter erfolgen, wenn sich das Mittelbild deutlicher im Verlauf weiterer Gespr\u00e4che zeigt.<\/p>\n<p>Manchmal ist es sinnvoll, dass vor einer hom\u00f6opathischen Behandlung eine Entschlackungskur durchgef\u00fchrt wird, um das Grundregulationssystem Ihres K\u00f6rpers in Ordnung zu bringen. Die f\u00fcr Sie geeignete Kur werde ich mit Ihnen besprechen.<\/p>\n<p>Sollte sich zeigen, dass eine Heilhypnosebehandlung den Verlauf der Erkrankung positiv beeinflussen kann, biete ich als erste Sitzung eine Kurzhypnose an, bei der Sie sich mit den Empfindungen und k\u00f6rperlichen Erscheinungen der Hypnosebehandlung vertraut machen k\u00f6nnen. In keinem Fall wende ich Techniken der Showhypnose an, so dass Sie sich vertrauensvoll dieser wunderbaren Therapieform \u00f6ffnen k\u00f6nnen. Im Laufe einiger Sitzungen werden Sie merken, wie Sie wieder zu Ihrer eigene Mitte\u00a0 finden.<\/p>\n<p>Allergien werden in meiner Praxis meist in Kombination von Bioresonanztherapie, hom\u00f6opathischer Therapie und Darmsanierung behandelt.<\/p>\n<p>Reiki -Behandlungen finden in meiner Praxis in Form des absichtlosen Handauflegens statt, das hei\u00dft, dass Ihre Energiestr\u00f6me mit Hilfe des Handauflegens in Ordnung gebracht werden. Auf Wunsch finden auch Reiki-Einweihungen statt.<\/p>\n<p>Bei allen Therapieformen haben Sie als Individuum oberste Priorit\u00e4t Meine Aufgabe ist es, Sie auf Ihrem Heilungsweg zu begleiten , Ihre Selbstheilungskr\u00e4fte zu aktivieren und Ihre Selbstfindung zu unterst\u00fctzen.<\/p>\n<p>Kinder bilden ein gro\u00dfes Klientel in meiner Praxis.<\/p>\n<p align=\"justify\">Von der Schwangerschaft, \u00fcber Geburt, den Aufbau des Immunsystems, die\u00a0 geistige und seelische Entwicklung freue ich mich, Ihre Kinder begleiten zu d\u00fcrfen.<\/p>\n<p>Um im Notfall auch schon mal selber das geeignete hom\u00f6opathische Mittel zu verabreichen, biete ich von Zeit zu Zeit Kurse f\u00fcr Eltern in Kinderg\u00e4rten , der B\u00fcrgerinitiative rund um St.Josef oder in kleinen privaten Gruppen an. Bei Interesse k\u00f6nnen Sie gerne in meiner Praxis anfragen.<\/p>\n<h2>Kontakt:<\/h2>\n<p>Anfahrt mit Bus und Bahn:<\/p>\n<p>Von Krefeld Zentrum mit der Strassenbahnlinie 044 bis H\u00fcls Betriebshof. Anschlie\u00dfend der Krefelderstrasse circa 300 Meter folgen. Praxis liegt direkt neben der L\u00f6wenapotheke.<\/p>\n<p>\t\t\tAnschrift\t\t<\/p>\n<p>Naturheilpraxis Angela Langjahr<br \/>Krefelderstrasse 51<br \/>47839 Krefeld-H\u00fcls<\/p>\n<p>Tel: +49 (0) 2151-736468<br \/>Fax: +49 (0) 2151-973210<br \/>E-Mail: angela.langjahr@gmx.net<\/p>\n<p>\u00d6ffnungszeiten:<br \/>Nur nach Vereinbarung<\/p>\n","protected":false},"excerpt":{"rendered":"<p>NaturheilkundePraxis Angela Langjahr Willkommen auf der Webseite DER NATURHEILPRAXIS Angela Langjahr Auf den folgenden Seiten werden Sie\u00a0 einige Informationen zu mir, meinem bisherigen Werdegang und den naturheilkundlichen Therapien finden, die ich in meiner Praxis anbiete. Meine Praxis f\u00fchre ich nun seid \u00fcber 30 Jahren, in denen ich viele Patienten ein St\u00fcck auf Ihrem Lebensweg begleiten <a href=\"http:\/\/www.naturheilkunde-krefeld.de\/\">Continue reading &#8594;<\/a><\/p>\n","protected":false},"author":4,"featured_media":1,"parent":0,"menu_order":0,"comment_status":"closed","ping_status":"closed","template":"","meta":{"footnotes":""},"class_list":["post-8754","page","type-page","status-publish","has-post-thumbnail","hentry"],"_links":{"self":[{"href":"http:\/\/www.naturheilkunde-krefeld.de\/index.php?rest_route=\/wp\/v2\/pages\/8754","targetHints":{"allow":["GET"]}}],"collection":[{"href":"http:\/\/www.naturheilkunde-krefeld.de\/index.php?rest_route=\/wp\/v2\/pages"}],"about":[{"href":"http:\/\/www.naturheilkunde-krefeld.de\/index.php?rest_route=\/wp\/v2\/types\/page"}],"author":[{"embeddable":true,"href":"http:\/\/www.naturheilkunde-krefeld.de\/index.php?rest_route=\/wp\/v2\/users\/4"}],"replies":[{"embeddable":true,"href":"http:\/\/www.naturheilkunde-krefeld.de\/index.php?rest_route=%2Fwp%2Fv2%2Fcomments&post=8754"}],"version-history":[{"count":45,"href":"http:\/\/www.naturheilkunde-krefeld.de\/index.php?rest_route=\/wp\/v2\/pages\/8754\/revisions"}],"predecessor-version":[{"id":12215,"href":"http:\/\/www.naturheilkunde-krefeld.de\/index.php?rest_route=\/wp\/v2\/pages\/8754\/revisions\/12215"}],"wp:featuredmedia":[{"embeddable":true,"href":"http:\/\/www.naturheilkunde-krefeld.de\/index.php?rest_route=\/"}],"wp:attachment":[{"href":"http:\/\/www.naturheilkunde-krefeld.de\/index.php?rest_route=%2Fwp%2Fv2%2Fmedia&parent=8754"}],"curies":[{"name":"wp","href":"https:\/\/api.w.org\/{rel}","templated":true}]}}